{"id":69,"date":"2017-01-16T11:01:03","date_gmt":"2017-01-16T11:01:03","guid":{"rendered":"http:\/\/pixelgrade.com\/demos\/rosa2\/?page_id=69"},"modified":"2025-05-19T23:20:12","modified_gmt":"2025-05-19T21:20:12","slug":"speisen-und-getraenke","status":"publish","type":"page","link":"https:\/\/homburgerhof.com\/en\/speisen-und-getraenke\/","title":{"rendered":"Food and drinks"},"content":{"rendered":"<p><div class=\"fusion-bg-parallax\" data-bg-align=\"center center\" data-direction=\"up\" data-mute=\"false\" data-opacity=\"100\" data-velocity=\"-0.2\" data-mobile-enabled=\"false\" data-break_parents=\"0\" data-bg-image=\"https:\/\/homburgerhof.com\/home\/wp-content\/uploads\/header_speisen.webp\" data-bg-repeat=\"false\" ><\/div><div class=\"fusion-fullwidth fullwidth-box fusion-builder-row-1 fusion-flex-container has-pattern-background has-mask-background fusion-parallax-up hundred-percent-fullwidth non-hundred-percent-height-scrolling\" style=\"--awb-background-position-medium:center bottom;--awb-background-position-small:center bottom;--awb-border-radius-top-left:0px;--awb-border-radius-top-right:0px;--awb-border-radius-bottom-right:0px;--awb-border-radius-bottom-left:0px;--awb-padding-top:0px;--awb-padding-right:0px;--awb-padding-bottom:0px;--awb-padding-left:0px;--awb-padding-top-small:15%;--awb-margin-top:0px;--awb-margin-bottom:0px;--awb-min-height:900px;--awb-min-height-small:420px;--awb-background-image:url(&quot;https:\/\/homburgerhof.com\/home\/wp-content\/uploads\/header_speisen.webp&quot;);--awb-background-size:cover;--awb-flex-wrap:wrap;\" ><div class=\"fusion-builder-row fusion-row fusion-flex-align-items-center fusion-flex-justify-content-center fusion-flex-content-wrap\" style=\"width:104% !important;max-width:104% !important;margin-left: calc(-4% \/ 2 );margin-right: calc(-4% \/ 2 );\"><div class=\"fusion-layout-column fusion_builder_column fusion-builder-column-0 fusion_builder_column_2_5 2_5 fusion-flex-column\" style=\"--awb-padding-top-small:5px;--awb-bg-size:cover;--awb-width-large:40%;--awb-margin-top-large:0px;--awb-spacing-right-large:4.8%;--awb-margin-bottom-large:0px;--awb-spacing-left-large:4.8%;--awb-width-medium:100%;--awb-order-medium:0;--awb-spacing-right-medium:1.92%;--awb-spacing-left-medium:1.92%;--awb-width-small:75%;--awb-order-small:0;--awb-spacing-right-small:2.56%;--awb-spacing-left-small:2.56%;\" data-scroll-devices=\"small-visibility,medium-visibility,large-visibility\"><div class=\"fusion-column-wrapper fusion-column-has-shadow fusion-flex-justify-content-flex-start fusion-content-layout-column\"><div class=\"fusion-title title fusion-title-1 fusion-sep-none fusion-title-center fusion-title-text fusion-title-size-one\" style=\"--awb-text-color:var(--awb-color1);\"><h1 class=\"fusion-title-heading title-heading-center fusion-responsive-typography-calculated\" style=\"margin:0;--fontSize:48;line-height:1.2;\">Hausgemacht, ehrlich, hessisch \u2013 So schmeckt der Homburger Hof<\/h1><\/div><\/div><\/div><\/div><\/div><div class=\"fusion-fullwidth fullwidth-box fusion-builder-row-2 fusion-flex-container nonhundred-percent-fullwidth non-hundred-percent-height-scrolling\" style=\"--awb-border-radius-top-left:0px;--awb-border-radius-top-right:0px;--awb-border-radius-bottom-right:0px;--awb-border-radius-bottom-left:0px;--awb-padding-bottom:30px;--awb-flex-wrap:wrap;\" ><div class=\"fusion-builder-row fusion-row fusion-flex-align-items-center fusion-flex-content-wrap\" style=\"max-width:1144px;margin-left: calc(-4% \/ 2 );margin-right: calc(-4% \/ 2 );\"><div class=\"fusion-layout-column fusion_builder_column fusion-builder-column-1 fusion_builder_column_1_2 1_2 fusion-flex-column\" style=\"--awb-bg-blend:overlay;--awb-bg-size:cover;--awb-width-large:50%;--awb-margin-top-large:0px;--awb-spacing-right-large:3.84%;--awb-margin-bottom-large:20px;--awb-spacing-left-large:3.84%;--awb-width-medium:100%;--awb-spacing-right-medium:1.92%;--awb-spacing-left-medium:1.92%;--awb-width-small:100%;--awb-spacing-right-small:1.92%;--awb-spacing-left-small:1.92%;\"><div class=\"fusion-column-wrapper fusion-flex-justify-content-flex-start fusion-content-layout-column\"><div class=\"fusion-title title fusion-title-2 fusion-sep-none fusion-title-text fusion-title-size-two\"><h2 class=\"fusion-title-heading title-heading-left fusion-responsive-typography-calculated\" style=\"margin:0;--fontSize:36;line-height:1.2;\">Food and drinks<\/h2><\/div><div class=\"fusion-text fusion-text-1 fusion-text-no-margin\" style=\"--awb-margin-bottom:30px;\"><p>Wir kochen, wie wir selbst gerne essen. Unsere K\u00fcche ist bodenst\u00e4ndig, frisch und voller Geschmack \u2013 denn gutes Essen braucht keine gro\u00dfe Show, sondern Zeit und Liebe. Auf unserer Karte findet ihr hessische Klassiker wie Handk\u00e4s mit Musik, Grie So\u00df, Rippchen mit Kraut und die leckersten Schnitzel &#8211; Und au\u00dferdem jeden Monat eine neue, kreative Saisonkarte von Spargel bis zur Weihnachtsgans.<\/p>\n<\/div><\/div><\/div><div class=\"fusion-layout-column fusion_builder_column fusion-builder-column-2 fusion_builder_column_1_4 1_4 fusion-flex-column\" style=\"--awb-padding-top:30px;--awb-padding-bottom-small:60px;--awb-bg-blend:overlay;--awb-bg-size:cover;--awb-width-large:25%;--awb-margin-top-large:0px;--awb-spacing-right-large:7.68%;--awb-margin-bottom-large:20px;--awb-spacing-left-large:7.68%;--awb-width-medium:100%;--awb-order-medium:0;--awb-spacing-right-medium:1.92%;--awb-spacing-left-medium:1.92%;--awb-width-small:100%;--awb-order-small:0;--awb-spacing-right-small:1.92%;--awb-spacing-left-small:1.92%;\" data-scroll-devices=\"small-visibility,medium-visibility,large-visibility\"><div class=\"fusion-column-wrapper fusion-column-has-shadow fusion-flex-justify-content-center fusion-content-layout-column\"><div class=\"fusion-image-element\" style=\"text-align:center;--awb-liftup-border-radius:0px;--awb-caption-title-font-family:var(--h2_typography-font-family);--awb-caption-title-font-weight:var(--h2_typography-font-weight);--awb-caption-title-font-style:var(--h2_typography-font-style);--awb-caption-title-size:var(--h2_typography-font-size);--awb-caption-title-transform:var(--h2_typography-text-transform);--awb-caption-title-line-height:var(--h2_typography-line-height);--awb-caption-title-letter-spacing:var(--h2_typography-letter-spacing);\"><div class=\"awb-image-frame awb-image-frame-1 imageframe-liftup\" style=\"max-width:200px;\"><span class=\"fusion-imageframe imageframe-dropshadow imageframe-1\" style=\"-webkit-box-shadow: 3px 3px 7px rgba(0,0,0,0.3);box-shadow: 3px 3px 7px rgba(0,0,0,0.3);\"><a class=\"fusion-no-lightbox\" href=\"https:\/\/homburgerhof.com\/downloads\/Speisen_und_Getraenke.pdf\" target=\"_blank\" aria-label=\"Speisekarte-Vorschau-DE\" rel=\"noopener noreferrer\"><img decoding=\"async\" width=\"424\" height=\"600\" alt=\"Aktuelle Speisekarte als PDF\" src=\"https:\/\/homburgerhof.com\/home\/wp-content\/uploads\/Speisekarte-Vorschau-DE-424x600.webp\" class=\"img-responsive wp-image-4462\" srcset=\"https:\/\/homburgerhof.com\/home\/wp-content\/uploads\/Speisekarte-Vorschau-DE-200x283.webp 200w, https:\/\/homburgerhof.com\/home\/wp-content\/uploads\/Speisekarte-Vorschau-DE-400x566.webp 400w, https:\/\/homburgerhof.com\/home\/wp-content\/uploads\/Speisekarte-Vorschau-DE.webp 500w\" sizes=\"(max-width: 1024px) 100vw, (max-width: 640px) 100vw, 400px\" \/><\/a><\/span><\/div><\/div><div class=\"fusion-separator fusion-full-width-sep\" style=\"align-self: center;margin-left: auto;margin-right: auto;margin-top:20px;width:100%;\"><\/div><div style=\"text-align:center;\"><a class=\"fusion-button button-flat fusion-button-default-size button-default fusion-button-default button-1 fusion-button-default-span fusion-button-default-type\" target=\"_blank\" rel=\"noopener noreferrer\" href=\"https:\/\/homburgerhof.com\/downloads\/Speisen_und_Getraenke.pdf\"><i class=\"fa-file-pdf far awb-button__icon awb-button__icon--default button-icon-left\" aria-hidden=\"true\"><\/i><span class=\"fusion-button-text awb-button__text awb-button__text--default\">Speisekarte (Deutsch)<\/span><\/a><\/div><\/div><\/div><div class=\"fusion-layout-column fusion_builder_column fusion-builder-column-3 fusion_builder_column_1_4 1_4 fusion-flex-column\" style=\"--awb-padding-top:30px;--awb-bg-blend:overlay;--awb-bg-size:cover;--awb-width-large:25%;--awb-margin-top-large:0px;--awb-spacing-right-large:7.68%;--awb-margin-bottom-large:20px;--awb-spacing-left-large:7.68%;--awb-width-medium:100%;--awb-order-medium:0;--awb-spacing-right-medium:1.92%;--awb-spacing-left-medium:1.92%;--awb-width-small:100%;--awb-order-small:0;--awb-spacing-right-small:1.92%;--awb-spacing-left-small:1.92%;\" data-scroll-devices=\"small-visibility,medium-visibility,large-visibility\"><div class=\"fusion-column-wrapper fusion-column-has-shadow fusion-flex-justify-content-center fusion-content-layout-column\"><div class=\"fusion-image-element\" style=\"text-align:center;--awb-liftup-border-radius:0px;--awb-caption-text-color:var(--awb-custom_color_11);--awb-caption-overlay-color:rgba(227,113,26,0);--awb-caption-title-font-family:var(--h4_typography-font-family);--awb-caption-title-font-weight:var(--h4_typography-font-weight);--awb-caption-title-font-style:var(--h4_typography-font-style);--awb-caption-title-size:var(--h4_typography-font-size);--awb-caption-title-transform:var(--h4_typography-text-transform);--awb-caption-title-line-height:var(--h4_typography-line-height);--awb-caption-title-letter-spacing:var(--h4_typography-letter-spacing);\"><div class=\"awb-image-frame awb-image-frame-2 imageframe-liftup\" style=\"max-width:200px;\"><span class=\"fusion-imageframe imageframe-dropshadow imageframe-2\" style=\"-webkit-box-shadow: 3px 3px 7px rgba(0,0,0,0.3);box-shadow: 3px 3px 7px rgba(0,0,0,0.3);\"><a class=\"fusion-no-lightbox\" href=\"https:\/\/homburgerhof.com\/downloads\/Speisen_und_Getraenke_eng.pdf\" target=\"_blank\" aria-label=\"Speisekarte-Vorschau-EN\" rel=\"noopener noreferrer\"><img decoding=\"async\" width=\"424\" height=\"600\" alt=\"Speisekarte Englisch\" src=\"https:\/\/homburgerhof.com\/home\/wp-content\/uploads\/Speisekarte-Vorschau-EN-424x600.webp\" class=\"img-responsive wp-image-4463\" srcset=\"https:\/\/homburgerhof.com\/home\/wp-content\/uploads\/Speisekarte-Vorschau-EN-200x283.webp 200w, https:\/\/homburgerhof.com\/home\/wp-content\/uploads\/Speisekarte-Vorschau-EN-400x566.webp 400w, https:\/\/homburgerhof.com\/home\/wp-content\/uploads\/Speisekarte-Vorschau-EN.webp 500w\" sizes=\"(max-width: 1024px) 100vw, (max-width: 640px) 100vw, 400px\" \/><\/a><\/span><\/div><\/div><div class=\"fusion-separator fusion-full-width-sep\" style=\"align-self: center;margin-left: auto;margin-right: auto;margin-top:20px;width:100%;\"><\/div><div style=\"text-align:center;\"><a class=\"fusion-button button-flat fusion-button-default-size button-default fusion-button-default button-2 fusion-button-default-span fusion-button-default-type\" target=\"_blank\" rel=\"noopener noreferrer\" href=\"https:\/\/homburgerhof.com\/downloads\/Speisen_und_Getraenke_eng.pdf\"><i class=\"fa-file-pdf far awb-button__icon awb-button__icon--default button-icon-left\" aria-hidden=\"true\"><\/i><span class=\"fusion-button-text awb-button__text awb-button__text--default\">Menu (English)<\/span><\/a><\/div><\/div><\/div><\/div><\/div><div class=\"fusion-fullwidth fullwidth-box fusion-builder-row-3 fusion-flex-container nonhundred-percent-fullwidth non-hundred-percent-height-scrolling\" style=\"--awb-border-radius-top-left:0px;--awb-border-radius-top-right:0px;--awb-border-radius-bottom-right:0px;--awb-border-radius-bottom-left:0px;--awb-padding-bottom:30px;--awb-flex-wrap:wrap;\" ><div class=\"fusion-builder-row fusion-row fusion-flex-align-items-center fusion-flex-content-wrap\" style=\"max-width:1144px;margin-left: calc(-4% \/ 2 );margin-right: calc(-4% \/ 2 );\"><div class=\"fusion-layout-column fusion_builder_column fusion-builder-column-4 fusion_builder_column_1_2 1_2 fusion-flex-column\" style=\"--awb-bg-blend:overlay;--awb-bg-size:cover;--awb-width-large:50%;--awb-margin-top-large:0px;--awb-spacing-right-large:3.84%;--awb-margin-bottom-large:20px;--awb-spacing-left-large:3.84%;--awb-width-medium:100%;--awb-spacing-right-medium:1.92%;--awb-spacing-left-medium:1.92%;--awb-width-small:100%;--awb-spacing-right-small:1.92%;--awb-spacing-left-small:1.92%;\"><div class=\"fusion-column-wrapper fusion-flex-justify-content-flex-start fusion-content-layout-column\"><div class=\"fusion-image-element\" style=\"--awb-caption-title-font-family:var(--h2_typography-font-family);--awb-caption-title-font-weight:var(--h2_typography-font-weight);--awb-caption-title-font-style:var(--h2_typography-font-style);--awb-caption-title-size:var(--h2_typography-font-size);--awb-caption-title-transform:var(--h2_typography-text-transform);--awb-caption-title-line-height:var(--h2_typography-line-height);--awb-caption-title-letter-spacing:var(--h2_typography-letter-spacing);\"><span class=\"fusion-imageframe imageframe-none imageframe-3 hover-type-none\"><img decoding=\"async\" width=\"600\" height=\"390\" title=\"Hombi-Innenhof-Bild-(54)\" src=\"https:\/\/homburgerhof.com\/home\/wp-content\/uploads\/Hombi-Innenhof-Bild-54-600x390.jpg\" alt class=\"img-responsive wp-image-2847\" srcset=\"https:\/\/homburgerhof.com\/home\/wp-content\/uploads\/Hombi-Innenhof-Bild-54-200x130.jpg 200w, https:\/\/homburgerhof.com\/home\/wp-content\/uploads\/Hombi-Innenhof-Bild-54-400x260.jpg 400w, https:\/\/homburgerhof.com\/home\/wp-content\/uploads\/Hombi-Innenhof-Bild-54-600x390.jpg 600w, https:\/\/homburgerhof.com\/home\/wp-content\/uploads\/Hombi-Innenhof-Bild-54-800x520.jpg 800w, https:\/\/homburgerhof.com\/home\/wp-content\/uploads\/Hombi-Innenhof-Bild-54.jpg 1000w\" sizes=\"(max-width: 1024px) 100vw, (max-width: 640px) 100vw, 600px\" \/><\/span><\/div><\/div><\/div><div class=\"fusion-layout-column fusion_builder_column fusion-builder-column-5 fusion_builder_column_1_2 1_2 fusion-flex-column\" style=\"--awb-bg-blend:overlay;--awb-bg-size:cover;--awb-width-large:50%;--awb-margin-top-large:0px;--awb-spacing-right-large:3.84%;--awb-margin-bottom-large:20px;--awb-spacing-left-large:3.84%;--awb-width-medium:100%;--awb-spacing-right-medium:1.92%;--awb-spacing-left-medium:1.92%;--awb-width-small:100%;--awb-spacing-right-small:1.92%;--awb-spacing-left-small:1.92%;\"><div class=\"fusion-column-wrapper fusion-flex-justify-content-flex-start fusion-content-layout-column\"><div class=\"fusion-text fusion-text-2 fusion-text-no-margin\" style=\"--awb-margin-bottom:30px;\"><p>Auch f\u00fcr unsere j\u00fcngsten G\u00e4ste gibt\u2019s bei uns eine Auswahl an kindgerechten, leckeren Gerichten. Einfach, schmackhaft und genau das, was Kinder m\u00f6gen \u2013 damit alle gl\u00fccklich sind. Kinderkarte<\/p>\n<\/div><div ><a class=\"fusion-button button-flat fusion-button-default-size button-default fusion-button-default button-3 fusion-button-default-span fusion-button-default-type\" target=\"_blank\" rel=\"noopener noreferrer\" href=\"https:\/\/homburgerhof.com\/downloads\/Kinderkarte.pdf\"><i class=\"fa-file-pdf far awb-button__icon awb-button__icon--default button-icon-left\" aria-hidden=\"true\"><\/i><span class=\"fusion-button-text awb-button__text awb-button__text--default\">Kinderkarte<\/span><\/a><\/div><\/div><\/div><\/div><\/div><div class=\"fusion-fullwidth fullwidth-box fusion-builder-row-4 fusion-flex-container has-pattern-background has-mask-background hundred-percent-fullwidth non-hundred-percent-height-scrolling\" style=\"--awb-border-radius-top-left:0px;--awb-border-radius-top-right:0px;--awb-border-radius-bottom-right:0px;--awb-border-radius-bottom-left:0px;--awb-min-height:750px;--awb-min-height-small:400px;--awb-flex-wrap:wrap;\" ><div class=\"awb-background-slider\" data-type=\"container\" data-loop=\"yes\" data-animation=\"fade\" data-slideshow-speed=\"2000\" data-animation-speed=\"900\" data-direction=\"up\" data-pause_on_hover=\"yes\" style=\"--awb-image-position:39% 20%;\"><div class=\"swiper-wrapper\"><div class=\"swiper-slide\"><img decoding=\"async\" width=\"2000\" height=\"1336\" src=\"https:\/\/homburgerhof.com\/home\/wp-content\/uploads\/Speisen-slider1.webp\" class=\"awb-background-slider__image\" alt=\"\" srcset=\"https:\/\/homburgerhof.com\/home\/wp-content\/uploads\/Speisen-slider1-18x12.webp 18w, https:\/\/homburgerhof.com\/home\/wp-content\/uploads\/Speisen-slider1-200x134.webp 200w, https:\/\/homburgerhof.com\/home\/wp-content\/uploads\/Speisen-slider1-400x267.webp 400w, https:\/\/homburgerhof.com\/home\/wp-content\/uploads\/Speisen-slider1-600x401.webp 600w, https:\/\/homburgerhof.com\/home\/wp-content\/uploads\/Speisen-slider1-768x513.webp 768w, https:\/\/homburgerhof.com\/home\/wp-content\/uploads\/Speisen-slider1-800x534.webp 800w, https:\/\/homburgerhof.com\/home\/wp-content\/uploads\/Speisen-slider1-1024x684.webp 1024w, https:\/\/homburgerhof.com\/home\/wp-content\/uploads\/Speisen-slider1-1200x802.webp 1200w, https:\/\/homburgerhof.com\/home\/wp-content\/uploads\/Speisen-slider1-1536x1026.webp 1536w, https:\/\/homburgerhof.com\/home\/wp-content\/uploads\/Speisen-slider1.webp 2000w\" sizes=\"(max-width: 2000px) 100vw, 2000px\" \/><\/div><div class=\"swiper-slide\"><img decoding=\"async\" width=\"2000\" height=\"1331\" src=\"https:\/\/homburgerhof.com\/home\/wp-content\/uploads\/Speisen-slider3.webp\" class=\"awb-background-slider__image\" alt=\"\" srcset=\"https:\/\/homburgerhof.com\/home\/wp-content\/uploads\/Speisen-slider3-18x12.webp 18w, https:\/\/homburgerhof.com\/home\/wp-content\/uploads\/Speisen-slider3-200x133.webp 200w, https:\/\/homburgerhof.com\/home\/wp-content\/uploads\/Speisen-slider3-400x266.webp 400w, https:\/\/homburgerhof.com\/home\/wp-content\/uploads\/Speisen-slider3-600x399.webp 600w, https:\/\/homburgerhof.com\/home\/wp-content\/uploads\/Speisen-slider3-768x511.webp 768w, https:\/\/homburgerhof.com\/home\/wp-content\/uploads\/Speisen-slider3-800x532.webp 800w, https:\/\/homburgerhof.com\/home\/wp-content\/uploads\/Speisen-slider3-1024x681.webp 1024w, https:\/\/homburgerhof.com\/home\/wp-content\/uploads\/Speisen-slider3-1200x799.webp 1200w, https:\/\/homburgerhof.com\/home\/wp-content\/uploads\/Speisen-slider3-1536x1022.webp 1536w, https:\/\/homburgerhof.com\/home\/wp-content\/uploads\/Speisen-slider3.webp 2000w\" sizes=\"(max-width: 2000px) 100vw, 2000px\" \/><\/div><div class=\"swiper-slide\"><img decoding=\"async\" width=\"2000\" height=\"1331\" src=\"https:\/\/homburgerhof.com\/home\/wp-content\/uploads\/Speisen-slider2.webp\" class=\"awb-background-slider__image\" alt=\"\" srcset=\"https:\/\/homburgerhof.com\/home\/wp-content\/uploads\/Speisen-slider2-18x12.webp 18w, https:\/\/homburgerhof.com\/home\/wp-content\/uploads\/Speisen-slider2-200x133.webp 200w, https:\/\/homburgerhof.com\/home\/wp-content\/uploads\/Speisen-slider2-400x266.webp 400w, https:\/\/homburgerhof.com\/home\/wp-content\/uploads\/Speisen-slider2-600x399.webp 600w, https:\/\/homburgerhof.com\/home\/wp-content\/uploads\/Speisen-slider2-768x511.webp 768w, https:\/\/homburgerhof.com\/home\/wp-content\/uploads\/Speisen-slider2-800x532.webp 800w, https:\/\/homburgerhof.com\/home\/wp-content\/uploads\/Speisen-slider2-1024x681.webp 1024w, https:\/\/homburgerhof.com\/home\/wp-content\/uploads\/Speisen-slider2-1200x799.webp 1200w, https:\/\/homburgerhof.com\/home\/wp-content\/uploads\/Speisen-slider2-1536x1022.webp 1536w, https:\/\/homburgerhof.com\/home\/wp-content\/uploads\/Speisen-slider2.webp 2000w\" sizes=\"(max-width: 2000px) 100vw, 2000px\" \/><\/div><\/div><\/div><div class=\"fusion-builder-row fusion-row fusion-flex-align-items-flex-start fusion-flex-content-wrap\" style=\"width:104% !important;max-width:104% !important;margin-left: calc(-4% \/ 2 );margin-right: calc(-4% \/ 2 );\"><div class=\"fusion-layout-column fusion_builder_column fusion-builder-column-6 fusion_builder_column_1_1 1_1 fusion-flex-column\" style=\"--awb-bg-size:cover;--awb-width-large:100%;--awb-margin-top-large:0px;--awb-spacing-right-large:1.92%;--awb-margin-bottom-large:20px;--awb-spacing-left-large:1.92%;--awb-width-medium:100%;--awb-order-medium:0;--awb-spacing-right-medium:1.92%;--awb-spacing-left-medium:1.92%;--awb-width-small:100%;--awb-order-small:0;--awb-spacing-right-small:1.92%;--awb-spacing-left-small:1.92%;\"><div class=\"fusion-column-wrapper fusion-column-has-shadow fusion-flex-justify-content-flex-start fusion-content-layout-column\"><\/div><\/div><\/div><\/div><div class=\"fusion-fullwidth fullwidth-box fusion-builder-row-5 fusion-flex-container has-pattern-background has-mask-background nonhundred-percent-fullwidth non-hundred-percent-height-scrolling\" style=\"--awb-border-radius-top-left:0px;--awb-border-radius-top-right:0px;--awb-border-radius-bottom-right:0px;--awb-border-radius-bottom-left:0px;--awb-flex-wrap:wrap;\" ><div class=\"fusion-builder-row fusion-row fusion-flex-align-items-flex-start fusion-flex-justify-content-center fusion-flex-content-wrap\" style=\"max-width:1144px;margin-left: calc(-4% \/ 2 );margin-right: calc(-4% \/ 2 );\"><div class=\"fusion-layout-column fusion_builder_column fusion-builder-column-7 fusion_builder_column_1_1 1_1 fusion-flex-column\" style=\"--awb-bg-size:cover;--awb-width-large:100%;--awb-margin-top-large:0px;--awb-spacing-right-large:1.92%;--awb-margin-bottom-large:20px;--awb-spacing-left-large:1.92%;--awb-width-medium:100%;--awb-order-medium:0;--awb-spacing-right-medium:1.92%;--awb-spacing-left-medium:1.92%;--awb-width-small:100%;--awb-order-small:0;--awb-spacing-right-small:1.92%;--awb-spacing-left-small:1.92%;\"><div class=\"fusion-column-wrapper fusion-column-has-shadow fusion-flex-justify-content-flex-start fusion-content-layout-column\"><div class=\"fusion-title title fusion-title-3 fusion-sep-none fusion-title-text fusion-title-size-two\"><h2 class=\"fusion-title-heading title-heading-left fusion-responsive-typography-calculated\" style=\"margin:0;--fontSize:36;line-height:1.2;\">Apfelwein \u2013 Selbst gekeltert, wie\u2019s sich geh\u00f6rt!<\/h2><\/div><div class=\"fusion-text fusion-text-3\"><p>Apfelwein ist f\u00fcr uns mehr als nur ein Getr\u00e4nk \u2013 er ist unser Handwerk und unsere Leidenschaft. Wir sind eine der wenigen Gastst\u00e4tten in Frankfurt, die noch selbst keltern. Das schmeckt man mit jedem Schluck.<\/p>\n<p>Unser Apfelwein kommt ohne Schnickschnack, genau so, wie er sein soll \u2013 direkt aus dem Fass ins Gerippte. Unverf\u00e4lscht, echt und mit viel Herz gemacht.<\/p>\n<\/div><div class=\"fusion-text fusion-text-4\"><p>Apfelwein ist f\u00fcr uns mehr als nur ein Getr\u00e4nk \u2013 er ist unser Handwerk und unsere Leidenschaft. Wir sind eine der wenigen Gastst\u00e4tten in Frankfurt, die noch selbst keltern. Das schmeckt man mit jedem Schluck.<\/p>\n<p>Unser Apfelwein kommt ohne Schnickschnack, genau so, wie er sein soll \u2013 direkt aus dem Fass ins Gerippte. Unverf\u00e4lscht, echt und mit viel Herz gemacht.<\/p>\n<\/div><\/div><\/div><\/div><\/div><div class=\"fusion-fullwidth fullwidth-box fusion-builder-row-6 fusion-flex-container has-pattern-background has-mask-background nonhundred-percent-fullwidth non-hundred-percent-height-scrolling\" style=\"--awb-border-radius-top-left:0px;--awb-border-radius-top-right:0px;--awb-border-radius-bottom-right:0px;--awb-border-radius-bottom-left:0px;--awb-flex-wrap:wrap;\" ><div class=\"fusion-builder-row fusion-row fusion-flex-align-items-center fusion-flex-justify-content-center fusion-flex-content-wrap\" style=\"max-width:1144px;margin-left: calc(-4% \/ 2 );margin-right: calc(-4% \/ 2 );\"><div class=\"fusion-layout-column fusion_builder_column fusion-builder-column-8 fusion_builder_column_1_2 1_2 fusion-flex-column\" style=\"--awb-padding-top:40px;--awb-padding-right:40px;--awb-padding-bottom:40px;--awb-padding-left:40px;--awb-overflow:hidden;--awb-bg-image:url(&#039;https:\/\/homburgerhof.com\/home\/wp-content\/uploads\/hombi30-scaled.webp&#039;);--awb-bg-size:cover;--awb-box-shadow:15px 15px 30px 0px rgba(51,51,51,0.4);;--awb-border-color:var(--awb-color7);--awb-border-top:1px;--awb-border-right:1px;--awb-border-bottom:1px;--awb-border-left:1px;--awb-border-style:solid;--awb-border-radius:15px 15px 15px 15px;--awb-width-large:50%;--awb-margin-top-large:0px;--awb-spacing-right-large:3.84%;--awb-margin-bottom-large:20px;--awb-spacing-left-large:3.84%;--awb-width-medium:100%;--awb-order-medium:0;--awb-spacing-right-medium:1.92%;--awb-spacing-left-medium:1.92%;--awb-width-small:100%;--awb-order-small:0;--awb-spacing-right-small:20px;--awb-spacing-left-small:20px;\" data-scroll-devices=\"small-visibility,medium-visibility,large-visibility\"><div class=\"fusion-column-wrapper fusion-column-has-shadow fusion-flex-justify-content-flex-start fusion-content-layout-column fusion-column-has-bg-image\" data-bg-url=\"https:\/\/homburgerhof.com\/home\/wp-content\/uploads\/hombi30-scaled.webp\"><div class=\"fusion-title title fusion-title-4 fusion-sep-none fusion-title-center fusion-title-text fusion-title-size-two\" style=\"--awb-text-color:var(--awb-color1);--awb-margin-bottom:50px;\"><h2 class=\"fusion-title-heading title-heading-center fusion-responsive-typography-calculated\" style=\"margin:0;--fontSize:36;line-height:1.2;\">Erst genie\u00dfen, dann kegeln \u2013 oder umgekehrt?<\/h2><\/div><div class=\"fusion-text fusion-text-5 fusion-text-no-margin\" style=\"--awb-text-color:var(--awb-color1);--awb-margin-bottom:50px;\"><p>Ein gutes Essen und eine Runde Kegeln geh\u00f6ren bei uns einfach zusammen. Erst gem\u00fctlich speisen, dann mit Freunden auf die Bahn \u2013 oder umgekehrt. Unsere Bembelkegelbahn mit vier Bahnen ist die perfekte Erg\u00e4nzung zu einem geselligen Abend.<\/p>\n<\/div><div style=\"text-align:center;\"><a class=\"fusion-button button-flat button-xlarge button-default fusion-button-default button-4 fusion-button-default-span fusion-button-default-type\" target=\"_self\" href=\"https:\/\/homburgerhof.com\/bembelkegeln\/\"><i class=\"fa-smile fas awb-button__icon awb-button__icon--default button-icon-left\" aria-hidden=\"true\"><\/i><span class=\"fusion-button-text awb-button__text awb-button__text--default\">Mehr dazu<\/span><\/a><\/div><\/div><\/div><\/div><\/div><\/p>","protected":false},"excerpt":{"rendered":"","protected":false},"author":4,"featured_media":4403,"parent":0,"menu_order":0,"comment_status":"closed","ping_status":"closed","template":"100-width.php","meta":{"footnotes":""},"class_list":["post-69","page","type-page","status-publish","has-post-thumbnail","hentry"],"_links":{"self":[{"href":"https:\/\/homburgerhof.com\/en\/wp-json\/wp\/v2\/pages\/69","targetHints":{"allow":["GET"]}}],"collection":[{"href":"https:\/\/homburgerhof.com\/en\/wp-json\/wp\/v2\/pages"}],"about":[{"href":"https:\/\/homburgerhof.com\/en\/wp-json\/wp\/v2\/types\/page"}],"author":[{"embeddable":true,"href":"https:\/\/homburgerhof.com\/en\/wp-json\/wp\/v2\/users\/4"}],"replies":[{"embeddable":true,"href":"https:\/\/homburgerhof.com\/en\/wp-json\/wp\/v2\/comments?post=69"}],"version-history":[{"count":364,"href":"https:\/\/homburgerhof.com\/en\/wp-json\/wp\/v2\/pages\/69\/revisions"}],"predecessor-version":[{"id":4609,"href":"https:\/\/homburgerhof.com\/en\/wp-json\/wp\/v2\/pages\/69\/revisions\/4609"}],"wp:featuredmedia":[{"embeddable":true,"href":"https:\/\/homburgerhof.com\/en\/wp-json\/wp\/v2\/media\/4403"}],"wp:attachment":[{"href":"https:\/\/homburgerhof.com\/en\/wp-json\/wp\/v2\/media?parent=69"}],"curies":[{"name":"wp","href":"https:\/\/api.w.org\/{rel}","templated":true}]}}