{"id":3220,"date":"2019-11-15T15:34:53","date_gmt":"2019-11-15T14:34:53","guid":{"rendered":"https:\/\/homburgerhof.com\/?page_id=3220"},"modified":"2025-10-29T19:37:25","modified_gmt":"2025-10-29T18:37:25","slug":"anfrage","status":"publish","type":"page","link":"https:\/\/homburgerhof.com\/en\/feiern-im-hombi\/anfrage\/","title":{"rendered":"Anfrage Feiern im Hombi"},"content":{"rendered":"<p><div class=\"fusion-fullwidth fullwidth-box fusion-builder-row-1 nonhundred-percent-fullwidth non-hundred-percent-height-scrolling\" style=\"--awb-border-radius-top-left:0px;--awb-border-radius-top-right:0px;--awb-border-radius-bottom-right:0px;--awb-border-radius-bottom-left:0px;--awb-flex-wrap:wrap;\" ><div class=\"fusion-builder-row fusion-row\"><div class=\"fusion-layout-column fusion_builder_column fusion-builder-column-0 fusion_builder_column_2_3 2_3 fusion-two-third fusion-column-first\" style=\"--awb-bg-blend:overlay;--awb-bg-size:cover;--awb-margin-bottom:0px;width:65.3333%; margin-right: 4%;\"><div class=\"fusion-column-wrapper fusion-flex-column-wrapper-legacy\"><div class=\"fusion-title title fusion-title-1 fusion-sep-none fusion-title-text fusion-title-size-two\"><h2 class=\"fusion-title-heading title-heading-left fusion-responsive-typography-calculated\" style=\"margin:0;--fontSize:36;line-height:1.2;\">reservation request<\/h2><\/div>\n<div class=\"wpcf7 no-js\" id=\"wpcf7-f3219-o1\" lang=\"de-DE\" dir=\"ltr\" data-wpcf7-id=\"3219\">\n<div class=\"screen-reader-response\"><p role=\"status\" aria-live=\"polite\" aria-atomic=\"true\"><\/p> <ul><\/ul><\/div>\n<form action=\"\/en\/wp-json\/wp\/v2\/pages\/3220#wpcf7-f3219-o1\" method=\"post\" class=\"wpcf7-form init\" aria-label=\"Kontaktformular\" novalidate=\"novalidate\" data-status=\"init\" data-trp-original-action=\"\/en\/wp-json\/wp\/v2\/pages\/3220#wpcf7-f3219-o1\">\n<fieldset class=\"hidden-fields-container\"><input type=\"hidden\" name=\"_wpcf7\" value=\"3219\" \/><input type=\"hidden\" name=\"_wpcf7_version\" value=\"6.1.3\" \/><input type=\"hidden\" name=\"_wpcf7_locale\" value=\"de_DE\" \/><input type=\"hidden\" name=\"_wpcf7_unit_tag\" value=\"wpcf7-f3219-o1\" \/><input type=\"hidden\" name=\"_wpcf7_container_post\" value=\"0\" \/><input type=\"hidden\" name=\"_wpcf7_posted_data_hash\" value=\"\" \/>\n<\/fieldset>\n<p>Bitte w\u00e4hlen Sie die gew\u00fcnschte R\u00e4umlichkeit(en):\n<\/p>\n<p><span class=\"wpcf7-form-control-wrap\" data-name=\"Raeumlichkeit\"><span class=\"wpcf7-form-control wpcf7-checkbox wpcf7-validates-as-required\"><span class=\"wpcf7-list-item first\"><input type=\"checkbox\" name=\"Raeumlichkeit[]\" value=\"Gastraum (bis 55 Personen)\" \/><span class=\"wpcf7-list-item-label\">Gastraum (bis 55 Personen)<\/span><\/span><span class=\"wpcf7-list-item\"><input type=\"checkbox\" name=\"Raeumlichkeit[]\" value=\"Bembelkegelbahn (bis 60 Personen)\" \/><span class=\"wpcf7-list-item-label\">Bembelkegelbahn (bis 60 Personen)<\/span><\/span><span class=\"wpcf7-list-item\"><input type=\"checkbox\" name=\"Raeumlichkeit[]\" value=\"Sommergarten (bis 100 Personen)\" \/><span class=\"wpcf7-list-item-label\">Sommergarten (bis 100 Personen)<\/span><\/span><span class=\"wpcf7-list-item\"><input type=\"checkbox\" name=\"Raeumlichkeit[]\" value=\"Gro\u00dfer Festsaal - umgebaute Bembelkegelbahn (bis 160 Personen)\" \/><span class=\"wpcf7-list-item-label\">Gro\u00dfer Festsaal - umgebaute Bembelkegelbahn (bis 160 Personen)<\/span><\/span><span class=\"wpcf7-list-item\"><input type=\"checkbox\" name=\"Raeumlichkeit[]\" value=\"Gro\u00dfes Kolleg (bis 55 Personen)\" \/><span class=\"wpcf7-list-item-label\">Gro\u00dfes Kolleg (bis 55 Personen)<\/span><\/span><span class=\"wpcf7-list-item last\"><input type=\"checkbox\" name=\"Raeumlichkeit[]\" value=\"Kleines Kolleg (bis 28 Personen)\" \/><span class=\"wpcf7-list-item-label\">Kleines Kolleg (bis 28 Personen)<\/span><\/span><\/span><\/span>\n<\/p>\n<p><label> Bitte geben Sie den Anlass an:<br \/>\n<span class=\"wpcf7-form-control-wrap\" data-name=\"Anlass\"><select class=\"wpcf7-form-control wpcf7-select wpcf7-validates-as-required\" aria-required=\"true\" aria-invalid=\"false\" name=\"Anlass\"><option value=\"\">&#8211; Bitte ausw\u00e4hlen &#8211;<\/option><option value=\"Einschulung\">Einschulung<\/option><option value=\"Firmenfeier\">Firmenfeier<\/option><option value=\"Geburtstagsfeier\">Geburtstagsfeier<\/option><option value=\"Hochzeitsfeier\">Hochzeitsfeier<\/option><option value=\"Kindergeburtstag\">Kindergeburtstag<\/option><option value=\"Klassentreffen\">Klassentreffen<\/option><option value=\"Konfirmation\">Konfirmation<\/option><option value=\"Stammtisch\">Stammtisch<\/option><option value=\"Tagung\">Tagung<\/option><option value=\"Trauerfeier\">Trauerfeier<\/option><option value=\"Weihnachtsfeier\">Weihnachtsfeier<\/option><option value=\"Sonstiges\">Sonstiges<\/option><\/select><\/span> <\/label>\n<\/p>\n<p><label> Bitte geben Sie die Anzahl der Personen an:<br \/>\n<span class=\"wpcf7-form-control-wrap\" data-name=\"Personen\"><input class=\"wpcf7-form-control wpcf7-number wpcf7-validates-as-required wpcf7-validates-as-number\" min=\"1\" max=\"250\" aria-required=\"true\" aria-invalid=\"false\" placeholder=\"please enter\" value=\"\" type=\"number\" name=\"Personen\" \/><\/span> <\/label>\n<\/p>\n<p><label> Please enter your desired date:<br \/>\n<span class=\"wpcf7-form-control-wrap\" data-name=\"Datum\"><input size=\"40\" maxlength=\"400\" class=\"wpcf7-form-control wpcf7-text\" aria-invalid=\"false\" placeholder=\"z.B. 12.12.2025\" value=\"\" type=\"text\" name=\"Datum\" \/><\/span><\/label>\n<\/p>\n<p><label> Please enter your desired time:<br \/>\n<span class=\"wpcf7-form-control-wrap\" data-name=\"Uhrzeit\"><input size=\"40\" maxlength=\"400\" class=\"wpcf7-form-control wpcf7-text\" aria-invalid=\"false\" placeholder=\"eg 18:30 clock\" value=\"\" type=\"text\" name=\"Uhrzeit\" \/><\/span> <\/label>\n<\/p>\n<p><label> Your first and last name:<br \/>\n<span class=\"wpcf7-form-control-wrap\" data-name=\"your-name\"><input size=\"40\" maxlength=\"400\" class=\"wpcf7-form-control wpcf7-text wpcf7-validates-as-required\" aria-required=\"true\" aria-invalid=\"false\" value=\"\" type=\"text\" name=\"your-name\" \/><\/span> <\/label>\n<\/p>\n<p><label> Your phone number:<br \/>\n<span class=\"wpcf7-form-control-wrap\" data-name=\"Telefon\"><input size=\"40\" maxlength=\"400\" class=\"wpcf7-form-control wpcf7-tel wpcf7-text wpcf7-validates-as-tel\" aria-invalid=\"false\" value=\"\" type=\"tel\" name=\"Telefon\" \/><\/span> <\/label>\n<\/p>\n<p><label> Your email address:<br \/>\n<span class=\"wpcf7-form-control-wrap\" data-name=\"your-email\"><input size=\"40\" maxlength=\"400\" class=\"wpcf7-form-control wpcf7-email wpcf7-validates-as-required wpcf7-text wpcf7-validates-as-email\" aria-required=\"true\" aria-invalid=\"false\" value=\"\" type=\"email\" name=\"your-email\" \/><\/span> <\/label>\n<\/p>\n<p><label> Your message:<br \/>\n<span class=\"wpcf7-form-control-wrap\" data-name=\"your-message\"><textarea cols=\"40\" rows=\"10\" maxlength=\"2000\" class=\"wpcf7-form-control wpcf7-textarea\" aria-invalid=\"false\" name=\"your-message\"><\/textarea><\/span> <\/label>\n<\/p>\n<p><span class=\"wpcf7-form-control-wrap\" data-name=\"acceptance-914\"><span class=\"wpcf7-form-control wpcf7-acceptance\"><span class=\"wpcf7-list-item\"><label><input type=\"checkbox\" name=\"acceptance-914\" value=\"1\" aria-invalid=\"false\" \/><span class=\"wpcf7-list-item-label\">I have the <a href=\"\/datenschutz\/\" target=\"_blank\">Information about privacy<\/a> read and accept them hereby<\/span><\/label><\/span><\/span><\/span>\n<\/p>\n<p><input class=\"wpcf7-form-control wpcf7-submit has-spinner\" type=\"submit\" value=\"Send\" \/>\n<\/p><div class=\"fusion-alert alert custom alert-custom fusion-alert-center wpcf7-response-output fusion-alert-capitalize awb-alert-native-link-color alert-dismissable awb-alert-close-boxed\" style=\"--awb-border-top-left-radius:0px;--awb-border-top-right-radius:0px;--awb-border-bottom-left-radius:0px;--awb-border-bottom-right-radius:0px;\" role=\"alert\"><div class=\"fusion-alert-content-wrapper\"><span class=\"fusion-alert-content\"><\/span><\/div><button type=\"button\" class=\"close toggle-alert\" data-dismiss=\"alert\" aria-label=\"Close\">\u00d7<\/button><\/div>\n<input type=\"hidden\" name=\"trp-form-language\" value=\"en\"\/><\/form>\n<\/div>\n<div class=\"fusion-clearfix\"><\/div><\/div><\/div><\/div><\/div><\/p>","protected":false},"excerpt":{"rendered":"","protected":false},"author":4,"featured_media":0,"parent":2919,"menu_order":0,"comment_status":"closed","ping_status":"closed","template":"100-width.php","meta":{"footnotes":""},"class_list":["post-3220","page","type-page","status-publish","hentry"],"_links":{"self":[{"href":"https:\/\/homburgerhof.com\/en\/wp-json\/wp\/v2\/pages\/3220","targetHints":{"allow":["GET"]}}],"collection":[{"href":"https:\/\/homburgerhof.com\/en\/wp-json\/wp\/v2\/pages"}],"about":[{"href":"https:\/\/homburgerhof.com\/en\/wp-json\/wp\/v2\/types\/page"}],"author":[{"embeddable":true,"href":"https:\/\/homburgerhof.com\/en\/wp-json\/wp\/v2\/users\/4"}],"replies":[{"embeddable":true,"href":"https:\/\/homburgerhof.com\/en\/wp-json\/wp\/v2\/comments?post=3220"}],"version-history":[{"count":12,"href":"https:\/\/homburgerhof.com\/en\/wp-json\/wp\/v2\/pages\/3220\/revisions"}],"predecessor-version":[{"id":4713,"href":"https:\/\/homburgerhof.com\/en\/wp-json\/wp\/v2\/pages\/3220\/revisions\/4713"}],"up":[{"embeddable":true,"href":"https:\/\/homburgerhof.com\/en\/wp-json\/wp\/v2\/pages\/2919"}],"wp:attachment":[{"href":"https:\/\/homburgerhof.com\/en\/wp-json\/wp\/v2\/media?parent=3220"}],"curies":[{"name":"wp","href":"https:\/\/api.w.org\/{rel}","templated":true}]}}